{"id":124,"date":"2022-10-10T11:21:08","date_gmt":"2022-10-10T14:21:08","guid":{"rendered":"https:\/\/lmmobilidade.com.br\/lmassinercar\/?page_id=124"},"modified":"2025-07-10T14:41:30","modified_gmt":"2025-07-10T17:41:30","slug":"quem-somos","status":"publish","type":"page","link":"https:\/\/lmmobilidade.com.br\/lmassinecar\/quem-somos","title":{"rendered":"Quem somos"},"content":{"rendered":"<h2>Op\u00e7\u00e3o inteligente em carros por assinatura.<\/h2>\n<p>Fazemos parte da LM Solu\u00e7\u00f5es de Mobilidade e, al\u00e9m de assinatura de ve\u00edculos, atuamos h\u00e1 mais de 40 anos tamb\u00e9m com outros servi\u00e7os, como terceiriza\u00e7\u00e3o de frotas, assinatura de caminh\u00f5es, venda de seminovos e aluguel para motorista de aplicativo.<\/p>\n<p>Oferecemos uma alternativa mais flex\u00edvel e econ\u00f4mica do que financiar a compra de um carro, sem deprecia\u00e7\u00e3o do ve\u00edculo e com seu dinheiro livre para investir onde quiser.<\/p>\n<h2>Voc\u00ea quer saber como funciona o carro por assinatura?<\/h2>\n<p>Com o servi\u00e7o de carro por assinatura da LM AssineCar voc\u00ea troca seu ve\u00edculo por um carro zero todos os anos sem ter que se preocupar com IPVA, documenta\u00e7\u00e3o, auto prote\u00e7\u00e3o e manuten\u00e7\u00e3o. \u00c9 uma nova modalidade de aluguel. Oferecemos um servi\u00e7o livre de burocracias e com agilidade na entrega: voc\u00ea escolhe o modelo e a gente entrega em qualquer lugar do Brasil. Ao final do contrato, voc\u00ea ter\u00e1 a op\u00e7\u00e3o de renovar ou adquirir o ve\u00edculo.<\/p>\n<p>Temos diversos tipos de planos e modelos multimarcas, se voc\u00ea procura pelo melhor carro por assinatura, n\u00f3s temos a oportunidade ideal para voc\u00ea.<\/p>\n","protected":false},"excerpt":{"rendered":"<p>Op\u00e7\u00e3o inteligente em carros por assinatura. Fazemos parte da LM Solu\u00e7\u00f5es de Mobilidade e, al\u00e9m de assinatura de ve\u00edculos, atuamos h\u00e1 mais de 40 anos tamb\u00e9m com outros servi\u00e7os, como terceiriza\u00e7\u00e3o de frotas, assinatura de caminh\u00f5es, venda de seminovos e aluguel para motorista de aplicativo. Oferecemos uma alternativa mais flex\u00edvel e econ\u00f4mica do que financiar [&hellip;]<\/p>\n","protected":false},"author":1,"featured_media":0,"parent":0,"menu_order":0,"comment_status":"closed","ping_status":"closed","template":"","meta":{"_acf_changed":false,"footnotes":""},"class_list":["post-124","page","type-page","status-publish","hentry"],"acf":[],"yoast_head":"<!-- This site is optimized with the Yoast SEO plugin v27.0 - https:\/\/yoast.com\/product\/yoast-seo-wordpress\/ -->\n<title>Quem somos: Conhe\u00e7a Mais Sobre a Empresa | LM AssineCar<\/title>\n<meta name=\"description\" content=\"Conhe\u00e7a a LM AssineCar, a empresa de carro por assinatura que Faz parte da LM Mobilidade. S\u00e3o 50 anos de hist\u00f3ria, valores e nosso compromisso.\" \/>\n<meta name=\"robots\" content=\"index, follow, max-snippet:-1, max-image-preview:large, max-video-preview:-1\" \/>\n<link rel=\"canonical\" href=\"https:\/\/lmmobilidade.com.br\/lmassinecar\/quem-somos\" \/>\n<meta property=\"og:locale\" content=\"pt_BR\" \/>\n<meta property=\"og:type\" content=\"article\" \/>\n<meta property=\"og:title\" content=\"Quem somos: Conhe\u00e7a Mais Sobre a Empresa | LM AssineCar\" \/>\n<meta property=\"og:description\" content=\"Conhe\u00e7a a LM AssineCar, a empresa de carro por assinatura que Faz parte da LM Mobilidade. S\u00e3o 50 anos de hist\u00f3ria, valores e nosso compromisso.\" \/>\n<meta property=\"og:url\" content=\"https:\/\/lmmobilidade.com.br\/lmassinecar\/quem-somos\" \/>\n<meta property=\"og:site_name\" content=\"LM AssineCar\" \/>\n<meta property=\"article:modified_time\" content=\"2025-07-10T17:41:30+00:00\" \/>\n<meta property=\"og:image\" content=\"https:\/\/lmmobilidade.com.br\/lmassinecar\/wp-content\/uploads\/sites\/3\/2025\/06\/lmassinecar-thumb.png\" \/>\n\t<meta property=\"og:image:width\" content=\"1200\" \/>\n\t<meta property=\"og:image:height\" content=\"675\" \/>\n\t<meta property=\"og:image:type\" content=\"image\/png\" \/>\n<meta name=\"twitter:card\" content=\"summary_large_image\" \/>\n<meta name=\"twitter:label1\" content=\"Est. tempo de leitura\" \/>\n\t<meta name=\"twitter:data1\" content=\"2 minutos\" \/>\n<script type=\"application\/ld+json\" class=\"yoast-schema-graph\">{\"@context\":\"https:\/\/schema.org\",\"@graph\":[{\"@type\":\"WebPage\",\"@id\":\"https:\/\/lmmobilidade.com.br\/lmassinecar\/quem-somos\",\"url\":\"https:\/\/lmmobilidade.com.br\/lmassinecar\/quem-somos\",\"name\":\"Quem somos: Conhe\u00e7a Mais Sobre a Empresa | LM AssineCar\",\"isPartOf\":{\"@id\":\"https:\/\/lmmobilidade.com.br\/lmassinecar\/#website\"},\"datePublished\":\"2022-10-10T14:21:08+00:00\",\"dateModified\":\"2025-07-10T17:41:30+00:00\",\"description\":\"Conhe\u00e7a a LM AssineCar, a empresa de carro por assinatura que Faz parte da LM Mobilidade. S\u00e3o 50 anos de hist\u00f3ria, valores e nosso compromisso.\",\"breadcrumb\":{\"@id\":\"https:\/\/lmmobilidade.com.br\/lmassinecar\/quem-somos#breadcrumb\"},\"inLanguage\":\"pt-BR\",\"potentialAction\":[{\"@type\":\"ReadAction\",\"target\":[\"https:\/\/lmmobilidade.com.br\/lmassinecar\/quem-somos\"]}]},{\"@type\":\"BreadcrumbList\",\"@id\":\"https:\/\/lmmobilidade.com.br\/lmassinecar\/quem-somos#breadcrumb\",\"itemListElement\":[{\"@type\":\"ListItem\",\"position\":1,\"name\":\"In\u00edcio\",\"item\":\"https:\/\/lmmobilidade.com.br\/lmassinecar\/\"},{\"@type\":\"ListItem\",\"position\":2,\"name\":\"Quem somos\"}]},{\"@type\":\"WebSite\",\"@id\":\"https:\/\/lmmobilidade.com.br\/lmassinecar\/#website\",\"url\":\"https:\/\/lmmobilidade.com.br\/lmassinecar\/\",\"name\":\"LM AssineCar\",\"description\":\"Descubra como ter um carro 0km por assinatura com facilidade e flexibilidade. Conhe\u00e7a a LM AssineCar e escolha seu pr\u00f3ximo ve\u00edculo hoje mesmo!\",\"publisher\":{\"@id\":\"https:\/\/lmmobilidade.com.br\/lmassinecar\/#organization\"},\"potentialAction\":[{\"@type\":\"SearchAction\",\"target\":{\"@type\":\"EntryPoint\",\"urlTemplate\":\"https:\/\/lmmobilidade.com.br\/lmassinecar\/?s={search_term_string}\"},\"query-input\":{\"@type\":\"PropertyValueSpecification\",\"valueRequired\":true,\"valueName\":\"search_term_string\"}}],\"inLanguage\":\"pt-BR\"},{\"@type\":\"Organization\",\"@id\":\"https:\/\/lmmobilidade.com.br\/lmassinecar\/#organization\",\"name\":\"LM AssineCar\",\"url\":\"https:\/\/lmmobilidade.com.br\/lmassinecar\/\",\"logo\":{\"@type\":\"ImageObject\",\"inLanguage\":\"pt-BR\",\"@id\":\"https:\/\/lmmobilidade.com.br\/lmassinecar\/#\/schema\/logo\/image\/\",\"url\":\"https:\/\/lmmobilidade.com.br\/lmassinecar\/wp-content\/uploads\/sites\/3\/2022\/10\/LM_assine.png\",\"contentUrl\":\"https:\/\/lmmobilidade.com.br\/lmassinecar\/wp-content\/uploads\/sites\/3\/2022\/10\/LM_assine.png\",\"width\":149,\"height\":30,\"caption\":\"LM AssineCar\"},\"image\":{\"@id\":\"https:\/\/lmmobilidade.com.br\/lmassinecar\/#\/schema\/logo\/image\/\"}}]}<\/script>\n<!-- \/ Yoast SEO plugin. -->","yoast_head_json":{"title":"Quem somos: Conhe\u00e7a Mais Sobre a Empresa | LM AssineCar","description":"Conhe\u00e7a a LM AssineCar, a empresa de carro por assinatura que Faz parte da LM Mobilidade. S\u00e3o 50 anos de hist\u00f3ria, valores e nosso compromisso.","robots":{"index":"index","follow":"follow","max-snippet":"max-snippet:-1","max-image-preview":"max-image-preview:large","max-video-preview":"max-video-preview:-1"},"canonical":"https:\/\/lmmobilidade.com.br\/lmassinecar\/quem-somos","og_locale":"pt_BR","og_type":"article","og_title":"Quem somos: Conhe\u00e7a Mais Sobre a Empresa | LM AssineCar","og_description":"Conhe\u00e7a a LM AssineCar, a empresa de carro por assinatura que Faz parte da LM Mobilidade. S\u00e3o 50 anos de hist\u00f3ria, valores e nosso compromisso.","og_url":"https:\/\/lmmobilidade.com.br\/lmassinecar\/quem-somos","og_site_name":"LM AssineCar","article_modified_time":"2025-07-10T17:41:30+00:00","og_image":[{"width":1200,"height":675,"url":"https:\/\/lmmobilidade.com.br\/lmassinecar\/wp-content\/uploads\/sites\/3\/2025\/06\/lmassinecar-thumb.png","type":"image\/png"}],"twitter_card":"summary_large_image","twitter_misc":{"Est. tempo de leitura":"2 minutos"},"schema":{"@context":"https:\/\/schema.org","@graph":[{"@type":"WebPage","@id":"https:\/\/lmmobilidade.com.br\/lmassinecar\/quem-somos","url":"https:\/\/lmmobilidade.com.br\/lmassinecar\/quem-somos","name":"Quem somos: Conhe\u00e7a Mais Sobre a Empresa | LM AssineCar","isPartOf":{"@id":"https:\/\/lmmobilidade.com.br\/lmassinecar\/#website"},"datePublished":"2022-10-10T14:21:08+00:00","dateModified":"2025-07-10T17:41:30+00:00","description":"Conhe\u00e7a a LM AssineCar, a empresa de carro por assinatura que Faz parte da LM Mobilidade. S\u00e3o 50 anos de hist\u00f3ria, valores e nosso compromisso.","breadcrumb":{"@id":"https:\/\/lmmobilidade.com.br\/lmassinecar\/quem-somos#breadcrumb"},"inLanguage":"pt-BR","potentialAction":[{"@type":"ReadAction","target":["https:\/\/lmmobilidade.com.br\/lmassinecar\/quem-somos"]}]},{"@type":"BreadcrumbList","@id":"https:\/\/lmmobilidade.com.br\/lmassinecar\/quem-somos#breadcrumb","itemListElement":[{"@type":"ListItem","position":1,"name":"In\u00edcio","item":"https:\/\/lmmobilidade.com.br\/lmassinecar\/"},{"@type":"ListItem","position":2,"name":"Quem somos"}]},{"@type":"WebSite","@id":"https:\/\/lmmobilidade.com.br\/lmassinecar\/#website","url":"https:\/\/lmmobilidade.com.br\/lmassinecar\/","name":"LM AssineCar","description":"Descubra como ter um carro 0km por assinatura com facilidade e flexibilidade. Conhe\u00e7a a LM AssineCar e escolha seu pr\u00f3ximo ve\u00edculo hoje mesmo!","publisher":{"@id":"https:\/\/lmmobilidade.com.br\/lmassinecar\/#organization"},"potentialAction":[{"@type":"SearchAction","target":{"@type":"EntryPoint","urlTemplate":"https:\/\/lmmobilidade.com.br\/lmassinecar\/?s={search_term_string}"},"query-input":{"@type":"PropertyValueSpecification","valueRequired":true,"valueName":"search_term_string"}}],"inLanguage":"pt-BR"},{"@type":"Organization","@id":"https:\/\/lmmobilidade.com.br\/lmassinecar\/#organization","name":"LM AssineCar","url":"https:\/\/lmmobilidade.com.br\/lmassinecar\/","logo":{"@type":"ImageObject","inLanguage":"pt-BR","@id":"https:\/\/lmmobilidade.com.br\/lmassinecar\/#\/schema\/logo\/image\/","url":"https:\/\/lmmobilidade.com.br\/lmassinecar\/wp-content\/uploads\/sites\/3\/2022\/10\/LM_assine.png","contentUrl":"https:\/\/lmmobilidade.com.br\/lmassinecar\/wp-content\/uploads\/sites\/3\/2022\/10\/LM_assine.png","width":149,"height":30,"caption":"LM AssineCar"},"image":{"@id":"https:\/\/lmmobilidade.com.br\/lmassinecar\/#\/schema\/logo\/image\/"}}]}},"_links":{"self":[{"href":"https:\/\/lmmobilidade.com.br\/lmassinecar\/wp-json\/wp\/v2\/pages\/124","targetHints":{"allow":["GET"]}}],"collection":[{"href":"https:\/\/lmmobilidade.com.br\/lmassinecar\/wp-json\/wp\/v2\/pages"}],"about":[{"href":"https:\/\/lmmobilidade.com.br\/lmassinecar\/wp-json\/wp\/v2\/types\/page"}],"author":[{"embeddable":true,"href":"https:\/\/lmmobilidade.com.br\/lmassinecar\/wp-json\/wp\/v2\/users\/1"}],"replies":[{"embeddable":true,"href":"https:\/\/lmmobilidade.com.br\/lmassinecar\/wp-json\/wp\/v2\/comments?post=124"}],"version-history":[{"count":1,"href":"https:\/\/lmmobilidade.com.br\/lmassinecar\/wp-json\/wp\/v2\/pages\/124\/revisions"}],"predecessor-version":[{"id":20113,"href":"https:\/\/lmmobilidade.com.br\/lmassinecar\/wp-json\/wp\/v2\/pages\/124\/revisions\/20113"}],"wp:attachment":[{"href":"https:\/\/lmmobilidade.com.br\/lmassinecar\/wp-json\/wp\/v2\/media?parent=124"}],"curies":[{"name":"wp","href":"https:\/\/api.w.org\/{rel}","templated":true}]}}