{"id":16125,"date":"2024-01-18T16:10:03","date_gmt":"2024-01-18T19:10:03","guid":{"rendered":"https:\/\/lmmobilidade.com.br\/lmassinecar\/?page_id=16125"},"modified":"2025-06-12T15:40:19","modified_gmt":"2025-06-12T18:40:19","slug":"canais-de-atendimento","status":"publish","type":"page","link":"https:\/\/lmmobilidade.com.br\/lmassinecar\/canais-de-atendimento","title":{"rendered":"Canais de atendimento"},"content":{"rendered":"","protected":false},"excerpt":{"rendered":"","protected":false},"author":1,"featured_media":0,"parent":0,"menu_order":0,"comment_status":"closed","ping_status":"closed","template":"modelo-canais-atendimento.php","meta":{"_acf_changed":false,"footnotes":""},"class_list":["post-16125","page","type-page","status-publish","hentry"],"acf":[],"yoast_head":"<!-- This site is optimized with the Yoast SEO plugin v27.0 - https:\/\/yoast.com\/product\/yoast-seo-wordpress\/ -->\n<title>Canais de atendimento | LM AssineCar<\/title>\n<meta name=\"robots\" content=\"index, follow, max-snippet:-1, max-image-preview:large, max-video-preview:-1\" \/>\n<link rel=\"canonical\" href=\"https:\/\/lmmobilidade.com.br\/lmassinecar\/canais-de-atendimento\" \/>\n<meta property=\"og:locale\" content=\"pt_BR\" \/>\n<meta property=\"og:type\" content=\"article\" \/>\n<meta property=\"og:title\" content=\"Canais de atendimento | LM AssineCar\" \/>\n<meta property=\"og:url\" content=\"https:\/\/lmmobilidade.com.br\/lmassinecar\/canais-de-atendimento\" \/>\n<meta property=\"og:site_name\" content=\"LM AssineCar\" \/>\n<meta property=\"article:modified_time\" content=\"2025-06-12T18:40:19+00:00\" \/>\n<meta property=\"og:image\" content=\"https:\/\/lmmobilidade.com.br\/lmassinecar\/wp-content\/uploads\/sites\/3\/2025\/06\/lmassinecar-thumb.png\" \/>\n\t<meta property=\"og:image:width\" content=\"1200\" \/>\n\t<meta property=\"og:image:height\" content=\"675\" \/>\n\t<meta property=\"og:image:type\" content=\"image\/png\" \/>\n<meta name=\"twitter:card\" content=\"summary_large_image\" \/>\n<script type=\"application\/ld+json\" class=\"yoast-schema-graph\">{\"@context\":\"https:\/\/schema.org\",\"@graph\":[{\"@type\":\"WebPage\",\"@id\":\"https:\/\/lmmobilidade.com.br\/lmassinecar\/canais-de-atendimento\",\"url\":\"https:\/\/lmmobilidade.com.br\/lmassinecar\/canais-de-atendimento\",\"name\":\"Canais de atendimento | LM AssineCar\",\"isPartOf\":{\"@id\":\"https:\/\/lmmobilidade.com.br\/lmassinecar\/#website\"},\"datePublished\":\"2024-01-18T19:10:03+00:00\",\"dateModified\":\"2025-06-12T18:40:19+00:00\",\"breadcrumb\":{\"@id\":\"https:\/\/lmmobilidade.com.br\/lmassinecar\/canais-de-atendimento#breadcrumb\"},\"inLanguage\":\"pt-BR\",\"potentialAction\":[{\"@type\":\"ReadAction\",\"target\":[\"https:\/\/lmmobilidade.com.br\/lmassinecar\/canais-de-atendimento\"]}]},{\"@type\":\"BreadcrumbList\",\"@id\":\"https:\/\/lmmobilidade.com.br\/lmassinecar\/canais-de-atendimento#breadcrumb\",\"itemListElement\":[{\"@type\":\"ListItem\",\"position\":1,\"name\":\"In\u00edcio\",\"item\":\"https:\/\/lmmobilidade.com.br\/lmassinecar\/\"},{\"@type\":\"ListItem\",\"position\":2,\"name\":\"Canais de atendimento\"}]},{\"@type\":\"WebSite\",\"@id\":\"https:\/\/lmmobilidade.com.br\/lmassinecar\/#website\",\"url\":\"https:\/\/lmmobilidade.com.br\/lmassinecar\/\",\"name\":\"LM AssineCar\",\"description\":\"Descubra como ter um carro 0km por assinatura com facilidade e flexibilidade. Conhe\u00e7a a LM AssineCar e escolha seu pr\u00f3ximo ve\u00edculo hoje mesmo!\",\"publisher\":{\"@id\":\"https:\/\/lmmobilidade.com.br\/lmassinecar\/#organization\"},\"potentialAction\":[{\"@type\":\"SearchAction\",\"target\":{\"@type\":\"EntryPoint\",\"urlTemplate\":\"https:\/\/lmmobilidade.com.br\/lmassinecar\/?s={search_term_string}\"},\"query-input\":{\"@type\":\"PropertyValueSpecification\",\"valueRequired\":true,\"valueName\":\"search_term_string\"}}],\"inLanguage\":\"pt-BR\"},{\"@type\":\"Organization\",\"@id\":\"https:\/\/lmmobilidade.com.br\/lmassinecar\/#organization\",\"name\":\"LM AssineCar\",\"url\":\"https:\/\/lmmobilidade.com.br\/lmassinecar\/\",\"logo\":{\"@type\":\"ImageObject\",\"inLanguage\":\"pt-BR\",\"@id\":\"https:\/\/lmmobilidade.com.br\/lmassinecar\/#\/schema\/logo\/image\/\",\"url\":\"https:\/\/lmmobilidade.com.br\/lmassinecar\/wp-content\/uploads\/sites\/3\/2022\/10\/LM_assine.png\",\"contentUrl\":\"https:\/\/lmmobilidade.com.br\/lmassinecar\/wp-content\/uploads\/sites\/3\/2022\/10\/LM_assine.png\",\"width\":149,\"height\":30,\"caption\":\"LM AssineCar\"},\"image\":{\"@id\":\"https:\/\/lmmobilidade.com.br\/lmassinecar\/#\/schema\/logo\/image\/\"}}]}<\/script>\n<!-- \/ Yoast SEO plugin. -->","yoast_head_json":{"title":"Canais de atendimento | LM AssineCar","robots":{"index":"index","follow":"follow","max-snippet":"max-snippet:-1","max-image-preview":"max-image-preview:large","max-video-preview":"max-video-preview:-1"},"canonical":"https:\/\/lmmobilidade.com.br\/lmassinecar\/canais-de-atendimento","og_locale":"pt_BR","og_type":"article","og_title":"Canais de atendimento | LM AssineCar","og_url":"https:\/\/lmmobilidade.com.br\/lmassinecar\/canais-de-atendimento","og_site_name":"LM AssineCar","article_modified_time":"2025-06-12T18:40:19+00:00","og_image":[{"width":1200,"height":675,"url":"https:\/\/lmmobilidade.com.br\/lmassinecar\/wp-content\/uploads\/sites\/3\/2025\/06\/lmassinecar-thumb.png","type":"image\/png"}],"twitter_card":"summary_large_image","schema":{"@context":"https:\/\/schema.org","@graph":[{"@type":"WebPage","@id":"https:\/\/lmmobilidade.com.br\/lmassinecar\/canais-de-atendimento","url":"https:\/\/lmmobilidade.com.br\/lmassinecar\/canais-de-atendimento","name":"Canais de atendimento | LM AssineCar","isPartOf":{"@id":"https:\/\/lmmobilidade.com.br\/lmassinecar\/#website"},"datePublished":"2024-01-18T19:10:03+00:00","dateModified":"2025-06-12T18:40:19+00:00","breadcrumb":{"@id":"https:\/\/lmmobilidade.com.br\/lmassinecar\/canais-de-atendimento#breadcrumb"},"inLanguage":"pt-BR","potentialAction":[{"@type":"ReadAction","target":["https:\/\/lmmobilidade.com.br\/lmassinecar\/canais-de-atendimento"]}]},{"@type":"BreadcrumbList","@id":"https:\/\/lmmobilidade.com.br\/lmassinecar\/canais-de-atendimento#breadcrumb","itemListElement":[{"@type":"ListItem","position":1,"name":"In\u00edcio","item":"https:\/\/lmmobilidade.com.br\/lmassinecar\/"},{"@type":"ListItem","position":2,"name":"Canais de atendimento"}]},{"@type":"WebSite","@id":"https:\/\/lmmobilidade.com.br\/lmassinecar\/#website","url":"https:\/\/lmmobilidade.com.br\/lmassinecar\/","name":"LM AssineCar","description":"Descubra como ter um carro 0km por assinatura com facilidade e flexibilidade. Conhe\u00e7a a LM AssineCar e escolha seu pr\u00f3ximo ve\u00edculo hoje mesmo!","publisher":{"@id":"https:\/\/lmmobilidade.com.br\/lmassinecar\/#organization"},"potentialAction":[{"@type":"SearchAction","target":{"@type":"EntryPoint","urlTemplate":"https:\/\/lmmobilidade.com.br\/lmassinecar\/?s={search_term_string}"},"query-input":{"@type":"PropertyValueSpecification","valueRequired":true,"valueName":"search_term_string"}}],"inLanguage":"pt-BR"},{"@type":"Organization","@id":"https:\/\/lmmobilidade.com.br\/lmassinecar\/#organization","name":"LM AssineCar","url":"https:\/\/lmmobilidade.com.br\/lmassinecar\/","logo":{"@type":"ImageObject","inLanguage":"pt-BR","@id":"https:\/\/lmmobilidade.com.br\/lmassinecar\/#\/schema\/logo\/image\/","url":"https:\/\/lmmobilidade.com.br\/lmassinecar\/wp-content\/uploads\/sites\/3\/2022\/10\/LM_assine.png","contentUrl":"https:\/\/lmmobilidade.com.br\/lmassinecar\/wp-content\/uploads\/sites\/3\/2022\/10\/LM_assine.png","width":149,"height":30,"caption":"LM AssineCar"},"image":{"@id":"https:\/\/lmmobilidade.com.br\/lmassinecar\/#\/schema\/logo\/image\/"}}]}},"_links":{"self":[{"href":"https:\/\/lmmobilidade.com.br\/lmassinecar\/wp-json\/wp\/v2\/pages\/16125","targetHints":{"allow":["GET"]}}],"collection":[{"href":"https:\/\/lmmobilidade.com.br\/lmassinecar\/wp-json\/wp\/v2\/pages"}],"about":[{"href":"https:\/\/lmmobilidade.com.br\/lmassinecar\/wp-json\/wp\/v2\/types\/page"}],"author":[{"embeddable":true,"href":"https:\/\/lmmobilidade.com.br\/lmassinecar\/wp-json\/wp\/v2\/users\/1"}],"replies":[{"embeddable":true,"href":"https:\/\/lmmobilidade.com.br\/lmassinecar\/wp-json\/wp\/v2\/comments?post=16125"}],"version-history":[{"count":4,"href":"https:\/\/lmmobilidade.com.br\/lmassinecar\/wp-json\/wp\/v2\/pages\/16125\/revisions"}],"predecessor-version":[{"id":30419,"href":"https:\/\/lmmobilidade.com.br\/lmassinecar\/wp-json\/wp\/v2\/pages\/16125\/revisions\/30419"}],"wp:attachment":[{"href":"https:\/\/lmmobilidade.com.br\/lmassinecar\/wp-json\/wp\/v2\/media?parent=16125"}],"curies":[{"name":"wp","href":"https:\/\/api.w.org\/{rel}","templated":true}]}}