{"id":3820,"date":"2022-12-29T16:57:11","date_gmt":"2022-12-29T19:57:11","guid":{"rendered":"https:\/\/lmmobilidade.com.br\/lmassinecar\/?page_id=3820"},"modified":"2025-07-10T14:38:48","modified_gmt":"2025-07-10T17:38:48","slug":"ofertas","status":"publish","type":"page","link":"https:\/\/lmmobilidade.com.br\/lmassinecar\/ofertas","title":{"rendered":"Ofertas"},"content":{"rendered":"","protected":false},"excerpt":{"rendered":"","protected":false},"author":1,"featured_media":0,"parent":0,"menu_order":0,"comment_status":"closed","ping_status":"closed","template":"modelo-ofertas.php","meta":{"_acf_changed":false,"footnotes":""},"class_list":["post-3820","page","type-page","status-publish","hentry"],"acf":[],"yoast_head":"<!-- This site is optimized with the Yoast SEO plugin v27.0 - https:\/\/yoast.com\/product\/yoast-seo-wordpress\/ -->\n<title>Ofertas de Carro por Assinatura 0km | LM AssineCar<\/title>\n<meta name=\"description\" content=\"Ofertas imperd\u00edveis de carro por assinatura! Encontre seu pr\u00f3ximo 0km com pre\u00e7os e condi\u00e7\u00f5es especiais na LM AssineCar. Veja os modelos e simule agora!\" \/>\n<meta name=\"robots\" content=\"index, follow, max-snippet:-1, max-image-preview:large, max-video-preview:-1\" \/>\n<link rel=\"canonical\" href=\"https:\/\/lmmobilidade.com.br\/lmassinecar\/ofertas\" \/>\n<meta property=\"og:locale\" content=\"pt_BR\" \/>\n<meta property=\"og:type\" content=\"article\" \/>\n<meta property=\"og:title\" content=\"Ofertas de Carro por Assinatura 0km | LM AssineCar\" \/>\n<meta property=\"og:description\" content=\"Ofertas imperd\u00edveis de carro por assinatura! Encontre seu pr\u00f3ximo 0km com pre\u00e7os e condi\u00e7\u00f5es especiais na LM AssineCar. Veja os modelos e simule agora!\" \/>\n<meta property=\"og:url\" content=\"https:\/\/lmmobilidade.com.br\/lmassinecar\/ofertas\" \/>\n<meta property=\"og:site_name\" content=\"LM AssineCar\" \/>\n<meta property=\"article:modified_time\" content=\"2025-07-10T17:38:48+00:00\" \/>\n<meta property=\"og:image\" content=\"https:\/\/lmmobilidade.com.br\/lmassinecar\/wp-content\/uploads\/sites\/3\/2025\/06\/lmassinecar-thumb.png\" \/>\n\t<meta property=\"og:image:width\" content=\"1200\" \/>\n\t<meta property=\"og:image:height\" content=\"675\" \/>\n\t<meta property=\"og:image:type\" content=\"image\/png\" \/>\n<meta name=\"twitter:card\" content=\"summary_large_image\" \/>\n<script type=\"application\/ld+json\" class=\"yoast-schema-graph\">{\"@context\":\"https:\/\/schema.org\",\"@graph\":[{\"@type\":\"WebPage\",\"@id\":\"https:\/\/lmmobilidade.com.br\/lmassinecar\/ofertas\",\"url\":\"https:\/\/lmmobilidade.com.br\/lmassinecar\/ofertas\",\"name\":\"Ofertas de Carro por Assinatura 0km | LM AssineCar\",\"isPartOf\":{\"@id\":\"https:\/\/lmmobilidade.com.br\/lmassinecar\/#website\"},\"datePublished\":\"2022-12-29T19:57:11+00:00\",\"dateModified\":\"2025-07-10T17:38:48+00:00\",\"description\":\"Ofertas imperd\u00edveis de carro por assinatura! Encontre seu pr\u00f3ximo 0km com pre\u00e7os e condi\u00e7\u00f5es especiais na LM AssineCar. Veja os modelos e simule agora!\",\"breadcrumb\":{\"@id\":\"https:\/\/lmmobilidade.com.br\/lmassinecar\/ofertas#breadcrumb\"},\"inLanguage\":\"pt-BR\",\"potentialAction\":[{\"@type\":\"ReadAction\",\"target\":[\"https:\/\/lmmobilidade.com.br\/lmassinecar\/ofertas\"]}]},{\"@type\":\"BreadcrumbList\",\"@id\":\"https:\/\/lmmobilidade.com.br\/lmassinecar\/ofertas#breadcrumb\",\"itemListElement\":[{\"@type\":\"ListItem\",\"position\":1,\"name\":\"In\u00edcio\",\"item\":\"https:\/\/lmmobilidade.com.br\/lmassinecar\/\"},{\"@type\":\"ListItem\",\"position\":2,\"name\":\"Ofertas\"}]},{\"@type\":\"WebSite\",\"@id\":\"https:\/\/lmmobilidade.com.br\/lmassinecar\/#website\",\"url\":\"https:\/\/lmmobilidade.com.br\/lmassinecar\/\",\"name\":\"LM AssineCar\",\"description\":\"Descubra como ter um carro 0km por assinatura com facilidade e flexibilidade. Conhe\u00e7a a LM AssineCar e escolha seu pr\u00f3ximo ve\u00edculo hoje mesmo!\",\"publisher\":{\"@id\":\"https:\/\/lmmobilidade.com.br\/lmassinecar\/#organization\"},\"potentialAction\":[{\"@type\":\"SearchAction\",\"target\":{\"@type\":\"EntryPoint\",\"urlTemplate\":\"https:\/\/lmmobilidade.com.br\/lmassinecar\/?s={search_term_string}\"},\"query-input\":{\"@type\":\"PropertyValueSpecification\",\"valueRequired\":true,\"valueName\":\"search_term_string\"}}],\"inLanguage\":\"pt-BR\"},{\"@type\":\"Organization\",\"@id\":\"https:\/\/lmmobilidade.com.br\/lmassinecar\/#organization\",\"name\":\"LM AssineCar\",\"url\":\"https:\/\/lmmobilidade.com.br\/lmassinecar\/\",\"logo\":{\"@type\":\"ImageObject\",\"inLanguage\":\"pt-BR\",\"@id\":\"https:\/\/lmmobilidade.com.br\/lmassinecar\/#\/schema\/logo\/image\/\",\"url\":\"https:\/\/lmmobilidade.com.br\/lmassinecar\/wp-content\/uploads\/sites\/3\/2022\/10\/LM_assine.png\",\"contentUrl\":\"https:\/\/lmmobilidade.com.br\/lmassinecar\/wp-content\/uploads\/sites\/3\/2022\/10\/LM_assine.png\",\"width\":149,\"height\":30,\"caption\":\"LM AssineCar\"},\"image\":{\"@id\":\"https:\/\/lmmobilidade.com.br\/lmassinecar\/#\/schema\/logo\/image\/\"}}]}<\/script>\n<!-- \/ Yoast SEO plugin. -->","yoast_head_json":{"title":"Ofertas de Carro por Assinatura 0km | LM AssineCar","description":"Ofertas imperd\u00edveis de carro por assinatura! Encontre seu pr\u00f3ximo 0km com pre\u00e7os e condi\u00e7\u00f5es especiais na LM AssineCar. Veja os modelos e simule agora!","robots":{"index":"index","follow":"follow","max-snippet":"max-snippet:-1","max-image-preview":"max-image-preview:large","max-video-preview":"max-video-preview:-1"},"canonical":"https:\/\/lmmobilidade.com.br\/lmassinecar\/ofertas","og_locale":"pt_BR","og_type":"article","og_title":"Ofertas de Carro por Assinatura 0km | LM AssineCar","og_description":"Ofertas imperd\u00edveis de carro por assinatura! Encontre seu pr\u00f3ximo 0km com pre\u00e7os e condi\u00e7\u00f5es especiais na LM AssineCar. Veja os modelos e simule agora!","og_url":"https:\/\/lmmobilidade.com.br\/lmassinecar\/ofertas","og_site_name":"LM AssineCar","article_modified_time":"2025-07-10T17:38:48+00:00","og_image":[{"width":1200,"height":675,"url":"https:\/\/lmmobilidade.com.br\/lmassinecar\/wp-content\/uploads\/sites\/3\/2025\/06\/lmassinecar-thumb.png","type":"image\/png"}],"twitter_card":"summary_large_image","schema":{"@context":"https:\/\/schema.org","@graph":[{"@type":"WebPage","@id":"https:\/\/lmmobilidade.com.br\/lmassinecar\/ofertas","url":"https:\/\/lmmobilidade.com.br\/lmassinecar\/ofertas","name":"Ofertas de Carro por Assinatura 0km | LM AssineCar","isPartOf":{"@id":"https:\/\/lmmobilidade.com.br\/lmassinecar\/#website"},"datePublished":"2022-12-29T19:57:11+00:00","dateModified":"2025-07-10T17:38:48+00:00","description":"Ofertas imperd\u00edveis de carro por assinatura! Encontre seu pr\u00f3ximo 0km com pre\u00e7os e condi\u00e7\u00f5es especiais na LM AssineCar. Veja os modelos e simule agora!","breadcrumb":{"@id":"https:\/\/lmmobilidade.com.br\/lmassinecar\/ofertas#breadcrumb"},"inLanguage":"pt-BR","potentialAction":[{"@type":"ReadAction","target":["https:\/\/lmmobilidade.com.br\/lmassinecar\/ofertas"]}]},{"@type":"BreadcrumbList","@id":"https:\/\/lmmobilidade.com.br\/lmassinecar\/ofertas#breadcrumb","itemListElement":[{"@type":"ListItem","position":1,"name":"In\u00edcio","item":"https:\/\/lmmobilidade.com.br\/lmassinecar\/"},{"@type":"ListItem","position":2,"name":"Ofertas"}]},{"@type":"WebSite","@id":"https:\/\/lmmobilidade.com.br\/lmassinecar\/#website","url":"https:\/\/lmmobilidade.com.br\/lmassinecar\/","name":"LM AssineCar","description":"Descubra como ter um carro 0km por assinatura com facilidade e flexibilidade. Conhe\u00e7a a LM AssineCar e escolha seu pr\u00f3ximo ve\u00edculo hoje mesmo!","publisher":{"@id":"https:\/\/lmmobilidade.com.br\/lmassinecar\/#organization"},"potentialAction":[{"@type":"SearchAction","target":{"@type":"EntryPoint","urlTemplate":"https:\/\/lmmobilidade.com.br\/lmassinecar\/?s={search_term_string}"},"query-input":{"@type":"PropertyValueSpecification","valueRequired":true,"valueName":"search_term_string"}}],"inLanguage":"pt-BR"},{"@type":"Organization","@id":"https:\/\/lmmobilidade.com.br\/lmassinecar\/#organization","name":"LM AssineCar","url":"https:\/\/lmmobilidade.com.br\/lmassinecar\/","logo":{"@type":"ImageObject","inLanguage":"pt-BR","@id":"https:\/\/lmmobilidade.com.br\/lmassinecar\/#\/schema\/logo\/image\/","url":"https:\/\/lmmobilidade.com.br\/lmassinecar\/wp-content\/uploads\/sites\/3\/2022\/10\/LM_assine.png","contentUrl":"https:\/\/lmmobilidade.com.br\/lmassinecar\/wp-content\/uploads\/sites\/3\/2022\/10\/LM_assine.png","width":149,"height":30,"caption":"LM AssineCar"},"image":{"@id":"https:\/\/lmmobilidade.com.br\/lmassinecar\/#\/schema\/logo\/image\/"}}]}},"_links":{"self":[{"href":"https:\/\/lmmobilidade.com.br\/lmassinecar\/wp-json\/wp\/v2\/pages\/3820","targetHints":{"allow":["GET"]}}],"collection":[{"href":"https:\/\/lmmobilidade.com.br\/lmassinecar\/wp-json\/wp\/v2\/pages"}],"about":[{"href":"https:\/\/lmmobilidade.com.br\/lmassinecar\/wp-json\/wp\/v2\/types\/page"}],"author":[{"embeddable":true,"href":"https:\/\/lmmobilidade.com.br\/lmassinecar\/wp-json\/wp\/v2\/users\/1"}],"replies":[{"embeddable":true,"href":"https:\/\/lmmobilidade.com.br\/lmassinecar\/wp-json\/wp\/v2\/comments?post=3820"}],"version-history":[{"count":1,"href":"https:\/\/lmmobilidade.com.br\/lmassinecar\/wp-json\/wp\/v2\/pages\/3820\/revisions"}],"predecessor-version":[{"id":31096,"href":"https:\/\/lmmobilidade.com.br\/lmassinecar\/wp-json\/wp\/v2\/pages\/3820\/revisions\/31096"}],"wp:attachment":[{"href":"https:\/\/lmmobilidade.com.br\/lmassinecar\/wp-json\/wp\/v2\/media?parent=3820"}],"curies":[{"name":"wp","href":"https:\/\/api.w.org\/{rel}","templated":true}]}}