{"id":67,"date":"2022-08-23T14:14:09","date_gmt":"2022-08-23T17:14:09","guid":{"rendered":"https:\/\/lmmobilidade.com.br\/lmassinercar\/?page_id=67"},"modified":"2025-08-14T11:27:26","modified_gmt":"2025-08-14T14:27:26","slug":"simule","status":"publish","type":"page","link":"https:\/\/lmmobilidade.com.br\/lmassinecar\/simule","title":{"rendered":"Simule"},"content":{"rendered":"<h3>Aproveite esta oferta<\/h3>\n<p>Para finalizarmos precisamos de alguns dados seus para o contato.<\/p>\n<p>Para entrarmos em contato com voc\u00ea, precisamos coletar seus dados pessoais. Para entender como tratamos essas informa\u00e7\u00f5es e como a LM se preocupa com a sua privacidade, leia nossa <a href=\"https:\/\/lmmobilidade.com.br\/politica-de-privacidade\/\" target=\"_blank\" rel=\"noopener\">Pol\u00edtica de Privacidade<\/a>.<\/p>\n","protected":false},"excerpt":{"rendered":"<p>Aproveite esta oferta Para finalizarmos precisamos de alguns dados seus para o contato. Para entrarmos em contato com voc\u00ea, precisamos coletar seus dados pessoais. Para entender como tratamos essas informa\u00e7\u00f5es e como a LM se preocupa com a sua privacidade, leia nossa Pol\u00edtica de Privacidade.<\/p>\n","protected":false},"author":1,"featured_media":33606,"parent":0,"menu_order":0,"comment_status":"closed","ping_status":"closed","template":"","meta":{"_acf_changed":false,"footnotes":""},"class_list":["post-67","page","type-page","status-publish","has-post-thumbnail","hentry"],"acf":[],"yoast_head":"<!-- This site is optimized with the Yoast SEO plugin v27.0 - https:\/\/yoast.com\/product\/yoast-seo-wordpress\/ -->\n<title>Simule | LM AssineCar<\/title>\n<meta name=\"robots\" content=\"index, follow, max-snippet:-1, max-image-preview:large, max-video-preview:-1\" \/>\n<link rel=\"canonical\" href=\"https:\/\/lmmobilidade.com.br\/lmassinecar\/simule\" \/>\n<meta property=\"og:locale\" content=\"pt_BR\" \/>\n<meta property=\"og:type\" content=\"article\" \/>\n<meta property=\"og:title\" content=\"Simule | LM AssineCar\" \/>\n<meta property=\"og:description\" content=\"Aproveite esta oferta Para finalizarmos precisamos de alguns dados seus para o contato. Para entrarmos em contato com voc\u00ea, precisamos coletar seus dados pessoais. Para entender como tratamos essas informa\u00e7\u00f5es e como a LM se preocupa com a sua privacidade, leia nossa Pol\u00edtica de Privacidade.\" \/>\n<meta property=\"og:url\" content=\"https:\/\/lmmobilidade.com.br\/lmassinecar\/simule\" \/>\n<meta property=\"og:site_name\" content=\"LM AssineCar\" \/>\n<meta property=\"article:modified_time\" content=\"2025-08-14T14:27:26+00:00\" \/>\n<meta property=\"og:image\" content=\"https:\/\/lmmobilidade.com.br\/lmassinecar\/wp-content\/uploads\/sites\/3\/2025\/06\/lmassinecar-thumb.png\" \/>\n\t<meta property=\"og:image:width\" content=\"1200\" \/>\n\t<meta property=\"og:image:height\" content=\"675\" \/>\n\t<meta property=\"og:image:type\" content=\"image\/png\" \/>\n<meta name=\"twitter:card\" content=\"summary_large_image\" \/>\n<meta name=\"twitter:label1\" content=\"Est. tempo de leitura\" \/>\n\t<meta name=\"twitter:data1\" content=\"1 minuto\" \/>\n<script type=\"application\/ld+json\" class=\"yoast-schema-graph\">{\"@context\":\"https:\/\/schema.org\",\"@graph\":[{\"@type\":\"WebPage\",\"@id\":\"https:\/\/lmmobilidade.com.br\/lmassinecar\/simule\",\"url\":\"https:\/\/lmmobilidade.com.br\/lmassinecar\/simule\",\"name\":\"Simule | LM AssineCar\",\"isPartOf\":{\"@id\":\"https:\/\/lmmobilidade.com.br\/lmassinecar\/#website\"},\"primaryImageOfPage\":{\"@id\":\"https:\/\/lmmobilidade.com.br\/lmassinecar\/simule#primaryimage\"},\"image\":{\"@id\":\"https:\/\/lmmobilidade.com.br\/lmassinecar\/simule#primaryimage\"},\"thumbnailUrl\":\"https:\/\/lmmobilidade.com.br\/lmassinecar\/wp-content\/uploads\/sites\/3\/2023\/06\/Tracker-1.0-Turbo-LTZ-Auto-25-25.png\",\"datePublished\":\"2022-08-23T17:14:09+00:00\",\"dateModified\":\"2025-08-14T14:27:26+00:00\",\"breadcrumb\":{\"@id\":\"https:\/\/lmmobilidade.com.br\/lmassinecar\/simule#breadcrumb\"},\"inLanguage\":\"pt-BR\",\"potentialAction\":[{\"@type\":\"ReadAction\",\"target\":[\"https:\/\/lmmobilidade.com.br\/lmassinecar\/simule\"]}]},{\"@type\":\"ImageObject\",\"inLanguage\":\"pt-BR\",\"@id\":\"https:\/\/lmmobilidade.com.br\/lmassinecar\/simule#primaryimage\",\"url\":\"https:\/\/lmmobilidade.com.br\/lmassinecar\/wp-content\/uploads\/sites\/3\/2023\/06\/Tracker-1.0-Turbo-LTZ-Auto-25-25.png\",\"contentUrl\":\"https:\/\/lmmobilidade.com.br\/lmassinecar\/wp-content\/uploads\/sites\/3\/2023\/06\/Tracker-1.0-Turbo-LTZ-Auto-25-25.png\",\"width\":670,\"height\":335},{\"@type\":\"BreadcrumbList\",\"@id\":\"https:\/\/lmmobilidade.com.br\/lmassinecar\/simule#breadcrumb\",\"itemListElement\":[{\"@type\":\"ListItem\",\"position\":1,\"name\":\"In\u00edcio\",\"item\":\"https:\/\/lmmobilidade.com.br\/lmassinecar\/\"},{\"@type\":\"ListItem\",\"position\":2,\"name\":\"Simule\"}]},{\"@type\":\"WebSite\",\"@id\":\"https:\/\/lmmobilidade.com.br\/lmassinecar\/#website\",\"url\":\"https:\/\/lmmobilidade.com.br\/lmassinecar\/\",\"name\":\"LM AssineCar\",\"description\":\"Descubra como ter um carro 0km por assinatura com facilidade e flexibilidade. Conhe\u00e7a a LM AssineCar e escolha seu pr\u00f3ximo ve\u00edculo hoje mesmo!\",\"publisher\":{\"@id\":\"https:\/\/lmmobilidade.com.br\/lmassinecar\/#organization\"},\"potentialAction\":[{\"@type\":\"SearchAction\",\"target\":{\"@type\":\"EntryPoint\",\"urlTemplate\":\"https:\/\/lmmobilidade.com.br\/lmassinecar\/?s={search_term_string}\"},\"query-input\":{\"@type\":\"PropertyValueSpecification\",\"valueRequired\":true,\"valueName\":\"search_term_string\"}}],\"inLanguage\":\"pt-BR\"},{\"@type\":\"Organization\",\"@id\":\"https:\/\/lmmobilidade.com.br\/lmassinecar\/#organization\",\"name\":\"LM AssineCar\",\"url\":\"https:\/\/lmmobilidade.com.br\/lmassinecar\/\",\"logo\":{\"@type\":\"ImageObject\",\"inLanguage\":\"pt-BR\",\"@id\":\"https:\/\/lmmobilidade.com.br\/lmassinecar\/#\/schema\/logo\/image\/\",\"url\":\"https:\/\/lmmobilidade.com.br\/lmassinecar\/wp-content\/uploads\/sites\/3\/2022\/10\/LM_assine.png\",\"contentUrl\":\"https:\/\/lmmobilidade.com.br\/lmassinecar\/wp-content\/uploads\/sites\/3\/2022\/10\/LM_assine.png\",\"width\":149,\"height\":30,\"caption\":\"LM AssineCar\"},\"image\":{\"@id\":\"https:\/\/lmmobilidade.com.br\/lmassinecar\/#\/schema\/logo\/image\/\"}}]}<\/script>\n<!-- \/ Yoast SEO plugin. -->","yoast_head_json":{"title":"Simule | LM AssineCar","robots":{"index":"index","follow":"follow","max-snippet":"max-snippet:-1","max-image-preview":"max-image-preview:large","max-video-preview":"max-video-preview:-1"},"canonical":"https:\/\/lmmobilidade.com.br\/lmassinecar\/simule","og_locale":"pt_BR","og_type":"article","og_title":"Simule | LM AssineCar","og_description":"Aproveite esta oferta Para finalizarmos precisamos de alguns dados seus para o contato. Para entrarmos em contato com voc\u00ea, precisamos coletar seus dados pessoais. Para entender como tratamos essas informa\u00e7\u00f5es e como a LM se preocupa com a sua privacidade, leia nossa Pol\u00edtica de Privacidade.","og_url":"https:\/\/lmmobilidade.com.br\/lmassinecar\/simule","og_site_name":"LM AssineCar","article_modified_time":"2025-08-14T14:27:26+00:00","og_image":[{"width":1200,"height":675,"url":"https:\/\/lmmobilidade.com.br\/lmassinecar\/wp-content\/uploads\/sites\/3\/2025\/06\/lmassinecar-thumb.png","type":"image\/png"}],"twitter_card":"summary_large_image","twitter_misc":{"Est. tempo de leitura":"1 minuto"},"schema":{"@context":"https:\/\/schema.org","@graph":[{"@type":"WebPage","@id":"https:\/\/lmmobilidade.com.br\/lmassinecar\/simule","url":"https:\/\/lmmobilidade.com.br\/lmassinecar\/simule","name":"Simule | LM AssineCar","isPartOf":{"@id":"https:\/\/lmmobilidade.com.br\/lmassinecar\/#website"},"primaryImageOfPage":{"@id":"https:\/\/lmmobilidade.com.br\/lmassinecar\/simule#primaryimage"},"image":{"@id":"https:\/\/lmmobilidade.com.br\/lmassinecar\/simule#primaryimage"},"thumbnailUrl":"https:\/\/lmmobilidade.com.br\/lmassinecar\/wp-content\/uploads\/sites\/3\/2023\/06\/Tracker-1.0-Turbo-LTZ-Auto-25-25.png","datePublished":"2022-08-23T17:14:09+00:00","dateModified":"2025-08-14T14:27:26+00:00","breadcrumb":{"@id":"https:\/\/lmmobilidade.com.br\/lmassinecar\/simule#breadcrumb"},"inLanguage":"pt-BR","potentialAction":[{"@type":"ReadAction","target":["https:\/\/lmmobilidade.com.br\/lmassinecar\/simule"]}]},{"@type":"ImageObject","inLanguage":"pt-BR","@id":"https:\/\/lmmobilidade.com.br\/lmassinecar\/simule#primaryimage","url":"https:\/\/lmmobilidade.com.br\/lmassinecar\/wp-content\/uploads\/sites\/3\/2023\/06\/Tracker-1.0-Turbo-LTZ-Auto-25-25.png","contentUrl":"https:\/\/lmmobilidade.com.br\/lmassinecar\/wp-content\/uploads\/sites\/3\/2023\/06\/Tracker-1.0-Turbo-LTZ-Auto-25-25.png","width":670,"height":335},{"@type":"BreadcrumbList","@id":"https:\/\/lmmobilidade.com.br\/lmassinecar\/simule#breadcrumb","itemListElement":[{"@type":"ListItem","position":1,"name":"In\u00edcio","item":"https:\/\/lmmobilidade.com.br\/lmassinecar\/"},{"@type":"ListItem","position":2,"name":"Simule"}]},{"@type":"WebSite","@id":"https:\/\/lmmobilidade.com.br\/lmassinecar\/#website","url":"https:\/\/lmmobilidade.com.br\/lmassinecar\/","name":"LM AssineCar","description":"Descubra como ter um carro 0km por assinatura com facilidade e flexibilidade. Conhe\u00e7a a LM AssineCar e escolha seu pr\u00f3ximo ve\u00edculo hoje mesmo!","publisher":{"@id":"https:\/\/lmmobilidade.com.br\/lmassinecar\/#organization"},"potentialAction":[{"@type":"SearchAction","target":{"@type":"EntryPoint","urlTemplate":"https:\/\/lmmobilidade.com.br\/lmassinecar\/?s={search_term_string}"},"query-input":{"@type":"PropertyValueSpecification","valueRequired":true,"valueName":"search_term_string"}}],"inLanguage":"pt-BR"},{"@type":"Organization","@id":"https:\/\/lmmobilidade.com.br\/lmassinecar\/#organization","name":"LM AssineCar","url":"https:\/\/lmmobilidade.com.br\/lmassinecar\/","logo":{"@type":"ImageObject","inLanguage":"pt-BR","@id":"https:\/\/lmmobilidade.com.br\/lmassinecar\/#\/schema\/logo\/image\/","url":"https:\/\/lmmobilidade.com.br\/lmassinecar\/wp-content\/uploads\/sites\/3\/2022\/10\/LM_assine.png","contentUrl":"https:\/\/lmmobilidade.com.br\/lmassinecar\/wp-content\/uploads\/sites\/3\/2022\/10\/LM_assine.png","width":149,"height":30,"caption":"LM AssineCar"},"image":{"@id":"https:\/\/lmmobilidade.com.br\/lmassinecar\/#\/schema\/logo\/image\/"}}]}},"_links":{"self":[{"href":"https:\/\/lmmobilidade.com.br\/lmassinecar\/wp-json\/wp\/v2\/pages\/67","targetHints":{"allow":["GET"]}}],"collection":[{"href":"https:\/\/lmmobilidade.com.br\/lmassinecar\/wp-json\/wp\/v2\/pages"}],"about":[{"href":"https:\/\/lmmobilidade.com.br\/lmassinecar\/wp-json\/wp\/v2\/types\/page"}],"author":[{"embeddable":true,"href":"https:\/\/lmmobilidade.com.br\/lmassinecar\/wp-json\/wp\/v2\/users\/1"}],"replies":[{"embeddable":true,"href":"https:\/\/lmmobilidade.com.br\/lmassinecar\/wp-json\/wp\/v2\/comments?post=67"}],"version-history":[{"count":2,"href":"https:\/\/lmmobilidade.com.br\/lmassinecar\/wp-json\/wp\/v2\/pages\/67\/revisions"}],"predecessor-version":[{"id":21132,"href":"https:\/\/lmmobilidade.com.br\/lmassinecar\/wp-json\/wp\/v2\/pages\/67\/revisions\/21132"}],"wp:featuredmedia":[{"embeddable":true,"href":"https:\/\/lmmobilidade.com.br\/lmassinecar\/wp-json\/wp\/v2\/media\/33606"}],"wp:attachment":[{"href":"https:\/\/lmmobilidade.com.br\/lmassinecar\/wp-json\/wp\/v2\/media?parent=67"}],"curies":[{"name":"wp","href":"https:\/\/api.w.org\/{rel}","templated":true}]}}