{"id":4434,"date":"2024-04-26T15:33:06","date_gmt":"2024-04-26T18:33:06","guid":{"rendered":"https:\/\/lmmobilidade.com.br\/lmfrotas\/?page_id=4434"},"modified":"2026-01-06T10:36:22","modified_gmt":"2026-01-06T13:36:22","slug":"campanha-frota-consciente","status":"publish","type":"page","link":"https:\/\/lmmobilidade.com.br\/lmfrotas\/campanha-frota-consciente","title":{"rendered":"Campanha Frota Consciente"},"content":{"rendered":"<h1>Regulamento de Premia\u00e7\u00e3o Campanha Frota Consciente<\/h1>\n<h2 data-font-size=\"h6\">1. Objetivo da Premia\u00e7\u00e3o<\/h2>\n<p>A campanha Frota Consciente, tem por finalidade cuidar de vidas no tr\u00e2nsito, reduzir os custos com infra\u00e7\u00f5es de tr\u00e2nsito, custos de manuten\u00e7\u00e3o, sinistros e indeniza\u00e7\u00f5es a terceiros e premiar os clientes que se destacarem no movimento de conscientiza\u00e7\u00e3o, visando estimular o posicionamento social.<\/p>\n<h2 data-font-size=\"h6\">2. Elegibilidade<\/h2>\n<p>A campanha \u00e9 v\u00e1lida aos contratos de terceiriza\u00e7\u00e3o. Para se habilitarem a concorrer a premia\u00e7\u00e3o, os clientes precisam verificar em quais das categorias a seguir se enquadram, e realizarem a inscri\u00e7\u00e3o via formul\u00e1rio no per\u00edodo do m\u00eas de maio. Posteriormente todas as inscri\u00e7\u00f5es ser\u00e3o analisadas e as confirma\u00e7\u00f5es ser\u00e3o enviadas aos participantes.<\/p>\n<p>a) Pesado e Consciente &#8211; (3-10 ve\u00edculos pesados contratados e ativos, voltados para contratos de terceiriza\u00e7\u00e3o).<br \/>\nb) Pesado e Respons\u00e1vel \u2013 (11 e acima, ve\u00edculos pesados contratados e ativos, voltados para contratos de terceiriza\u00e7\u00e3o).<br \/>\nc) Frota Consciente &#8211; (3-10 ve\u00edculos leves contratados e ativos, voltados para contratos de terceiriza\u00e7\u00e3o).<br \/>\nd) Frota Respons\u00e1vel &#8211; (11-50 ve\u00edculos leves contratados e ativos, voltados para contratos de terceiriza\u00e7\u00e3o).<br \/>\ne) Frota Posicionada &#8211; (51-300 ve\u00edculos leves contratados e ativos, voltados para contratos de terceiriza\u00e7\u00e3o).<br \/>\nf) Frota Assertiva &#8211; (301 e acima, ve\u00edculos leves contratados e ativos, voltados para contratos de terceiriza\u00e7\u00e3o).<\/p>\n<h2 data-font-size=\"h6\">3. Premia\u00e7\u00e3o<\/h2>\n<p>Os pr\u00eamios para os ganhadores dentro das suas categorias est\u00e3o dispon\u00edveis na folha final deste regulamento. A premia\u00e7\u00e3o da campanha \u00e9 intransfer\u00edvel e cabe a cada contrato realizar conforme sua escolha a distribui\u00e7\u00e3o.<\/p>\n<h2 data-font-size=\"h6\">4. Crit\u00e9rios de Elegibilidade e Pontua\u00e7\u00e3o<\/h2>\n<p>Para efeito dessa Campanha, a equipe respons\u00e1vel pelo projeto estar\u00e1 analisando o envolvimento e participa\u00e7\u00e3o dos contratos, tendo como log\u00edstica de pontua\u00e7\u00e3o, quanto maior, melhor. Seguindo os seguintes crit\u00e9rios:<\/p>\n<p>a) Todos os contratos inscritos iniciar\u00e3o com a pontua\u00e7\u00e3o zerada.<br \/>\nb) O n\u00famero de sinistros caracterizados como culpabilidade LM (responsabilidade do condutor vinculado ao contrato) ser\u00e3o computados como -10 pontos.<br \/>\nc) O n\u00famero de sinistros caracterizados como culpabilidade do terceiro ser\u00e3o computados como -2 pontos.<br \/>\nd) O n\u00famero de sinistros caracterizados como culpabilidade concorrente ser\u00e3o computados como -5 pontos.<br \/>\ne) O n\u00famero de sinistros caracterizados como culpabilidade LM (responsabilidade do condutor vinculado ao contrato) envolvendo v\u00edtimas ser\u00e3o computados como -20 pontos.<br \/>\nf) O n\u00famero de multas caracterizadas como leves e m\u00e9dias ser\u00e3o computadas como -5 pontos.<br \/>\ng) O n\u00famero de multas caracterizadas como graves ser\u00e3o computadas como -10 pontos.<br \/>\nh) O n\u00famero de multas caracterizadas como grav\u00edssimas ser\u00e3o computadas como -20 pontos.<br \/>\ni) O n\u00famero de atendimentos abertos por avarias provocadas pelo condutor ser\u00e3o computados como menos -2 pontos.<br \/>\nj) Caso ocorram sinistros envolvendo v\u00edtimas fatais, infra\u00e7\u00f5es envolvendo alcoolemia, uso de subst\u00e2ncias il\u00edcitas e\/ou suspens\u00e3o direta do direito de dirigir ocorrer\u00e1 em desclassifica\u00e7\u00e3o.<\/p>\n<h2 data-font-size=\"h6\">5. Per\u00edodo da Premia\u00e7\u00e3o<\/h2>\n<p>Para todos os efeitos de verifica\u00e7\u00e3o, seja da produtividade, envolvimento a campanha e melhoria de dados, ser\u00e1 considerado o per\u00edodo compreendido entre os meses de maio de 2024, per\u00edodo inicial e de inscri\u00e7\u00f5es, a novembro de 2024, sendo a verifica\u00e7\u00e3o realizada e divulgada no d\u00e9cimo quinto dia \u00fatil do m\u00eas de dezembro de 2024.<\/p>\n<h2 data-font-size=\"h6\">6. Processo de Sele\u00e7\u00e3o<\/h2>\n<p>Os ganhadores ser\u00e3o aqueles que obterem as maiores pontua\u00e7\u00f5es dentro do per\u00edodo estipulado, promovendo o movimento dentro de suas respectivas frotas, estimulando comportamentos mais seguros no tr\u00e2nsito.<\/p>\n<h2 data-font-size=\"h6\">7. Notifica\u00e7\u00e3o<\/h2>\n<p>Os vencedores ser\u00e3o notificados via e-mail no prazo estipulado, dessa forma ficar\u00e1 a acordar juntamente com a LM Solu\u00e7\u00f5es de Mobilidade o momento de entrega e premia\u00e7\u00e3o. E posteriormente divulgaremos via m\u00eddia social promovendo a confiabilidade da campanha e premia\u00e7\u00e3o.<\/p>\n<h2 data-font-size=\"h6\">8. Autoriza\u00e7\u00e3o do uso de imagem<\/h2>\n<p>Os participantes desta campanha autorizam o uso do seu nome, imagem e som de voz, consentindo com a realiza\u00e7\u00e3o de quaisquer imagens, fotografias e grava\u00e7\u00f5es que tenham por objetivo a divulga\u00e7\u00e3o do resultado e participa\u00e7\u00e3o nesta campanha. Os ganhadores devem estar cientes e autorizarem a divulga\u00e7\u00e3o pela LM Solu\u00e7\u00f5es de Mobilidade dos seus nomes como vencedores e parceiros da campanha e estimuladores de comportamentos mais seguros no tr\u00e2nsito via m\u00eddia social.<\/p>\n<h2 data-font-size=\"h6\">9. Disposi\u00e7\u00f5es Gerais<\/h2>\n<p>A participa\u00e7\u00e3o na campanha implica em aceita\u00e7\u00e3o de todas as regras e condi\u00e7\u00f5es estabelecidas no presente regulamento, para todos os fins e efeitos de direitos.<br \/>\na) Os dados pessoais e de performance dos participantes s\u00e3o confidenciais e ser\u00e3o utilizados apenas para os fins desta campanha.<br \/>\nb) Os pr\u00eamios s\u00e3o intransfer\u00edveis. N\u00e3o \u00e9 permitida a oferta ou alternativa de substitui\u00e7\u00e3o dos pr\u00eamios oferecidos.<br \/>\nc) \u00c9 de responsabilidade do participante o envio de todos os seus dados cadastrais.<br \/>\nd) Considerando que se trata de CAMPANHA INTERNA, fica vedada qualquer divulga\u00e7\u00e3o ou acesso ao p\u00fablico em geral dos termos desta CAMPANHA INTERNA ou de seu Regulamento.<br \/>\ne) Fica eleito o foro de Salvador\/BA para a solu\u00e7\u00e3o de quaisquer lit\u00edgios decorrentes da presente campanha, com ren\u00fancia a qualquer outro, por mais ben\u00e9fico que seja, ou venha a ser.<\/p>\n","protected":false},"excerpt":{"rendered":"<p>Regulamento de Premia\u00e7\u00e3o Campanha Frota Consciente 1. Objetivo da Premia\u00e7\u00e3o A campanha Frota Consciente, tem por finalidade cuidar de vidas no tr\u00e2nsito, reduzir os custos com infra\u00e7\u00f5es de tr\u00e2nsito, custos de manuten\u00e7\u00e3o, sinistros e indeniza\u00e7\u00f5es a terceiros e premiar os clientes que se destacarem no movimento de conscientiza\u00e7\u00e3o, visando estimular o posicionamento social. 2. Elegibilidade [&hellip;]<\/p>\n","protected":false},"author":3,"featured_media":0,"parent":0,"menu_order":0,"comment_status":"closed","ping_status":"closed","template":"","meta":{"_acf_changed":false,"footnotes":""},"class_list":["post-4434","page","type-page","status-publish","hentry"],"acf":[],"yoast_head":"<!-- This site is optimized with the Yoast SEO plugin v27.0 - https:\/\/yoast.com\/product\/yoast-seo-wordpress\/ -->\n<title>Campanha Frota Consciente | LM Frotas<\/title>\n<meta name=\"robots\" content=\"index, follow, max-snippet:-1, max-image-preview:large, max-video-preview:-1\" \/>\n<link rel=\"canonical\" href=\"https:\/\/lmmobilidade.com.br\/lmfrotas\/campanha-frota-consciente\" \/>\n<meta property=\"og:locale\" content=\"pt_BR\" \/>\n<meta property=\"og:type\" content=\"article\" \/>\n<meta property=\"og:title\" content=\"Campanha Frota Consciente | LM Frotas\" \/>\n<meta property=\"og:description\" content=\"Regulamento de Premia\u00e7\u00e3o Campanha Frota Consciente 1. Objetivo da Premia\u00e7\u00e3o A campanha Frota Consciente, tem por finalidade cuidar de vidas no tr\u00e2nsito, reduzir os custos com infra\u00e7\u00f5es de tr\u00e2nsito, custos de manuten\u00e7\u00e3o, sinistros e indeniza\u00e7\u00f5es a terceiros e premiar os clientes que se destacarem no movimento de conscientiza\u00e7\u00e3o, visando estimular o posicionamento social. 2. Elegibilidade [&hellip;]\" \/>\n<meta property=\"og:url\" content=\"https:\/\/lmmobilidade.com.br\/lmfrotas\/campanha-frota-consciente\" \/>\n<meta property=\"og:site_name\" content=\"LM Frotas\" \/>\n<meta property=\"article:modified_time\" content=\"2026-01-06T13:36:22+00:00\" \/>\n<meta property=\"og:image\" content=\"https:\/\/lmmobilidade.com.br\/lmfrotas\/wp-content\/uploads\/sites\/2\/2025\/06\/lm-thumb.png\" \/>\n\t<meta property=\"og:image:width\" content=\"1200\" \/>\n\t<meta property=\"og:image:height\" content=\"675\" \/>\n\t<meta property=\"og:image:type\" content=\"image\/png\" \/>\n<meta name=\"twitter:card\" content=\"summary_large_image\" \/>\n<meta name=\"twitter:label1\" content=\"Est. tempo de leitura\" \/>\n\t<meta name=\"twitter:data1\" content=\"5 minutos\" \/>\n<script type=\"application\/ld+json\" class=\"yoast-schema-graph\">{\"@context\":\"https:\/\/schema.org\",\"@graph\":[{\"@type\":\"WebPage\",\"@id\":\"https:\/\/lmmobilidade.com.br\/lmfrotas\/campanha-frota-consciente\",\"url\":\"https:\/\/lmmobilidade.com.br\/lmfrotas\/campanha-frota-consciente\",\"name\":\"Campanha Frota Consciente | LM Frotas\",\"isPartOf\":{\"@id\":\"https:\/\/lmmobilidade.com.br\/lmfrotas\/#website\"},\"datePublished\":\"2024-04-26T18:33:06+00:00\",\"dateModified\":\"2026-01-06T13:36:22+00:00\",\"breadcrumb\":{\"@id\":\"https:\/\/lmmobilidade.com.br\/lmfrotas\/campanha-frota-consciente#breadcrumb\"},\"inLanguage\":\"pt-BR\",\"potentialAction\":[{\"@type\":\"ReadAction\",\"target\":[\"https:\/\/lmmobilidade.com.br\/lmfrotas\/campanha-frota-consciente\"]}]},{\"@type\":\"BreadcrumbList\",\"@id\":\"https:\/\/lmmobilidade.com.br\/lmfrotas\/campanha-frota-consciente#breadcrumb\",\"itemListElement\":[{\"@type\":\"ListItem\",\"position\":1,\"name\":\"In\u00edcio\",\"item\":\"https:\/\/lmmobilidade.com.br\/lmfrotas\/\"},{\"@type\":\"ListItem\",\"position\":2,\"name\":\"Campanha Frota Consciente\"}]},{\"@type\":\"WebSite\",\"@id\":\"https:\/\/lmmobilidade.com.br\/lmfrotas\/#website\",\"url\":\"https:\/\/lmmobilidade.com.br\/lmfrotas\/\",\"name\":\"LM Frotas\",\"description\":\"Simplifique a gest\u00e3o de frotas da sua empresa com quem entende do assunto. Conhe\u00e7a as solu\u00e7\u00f5es da Lm Frotas e terceirize agora mesmo!\",\"publisher\":{\"@id\":\"https:\/\/lmmobilidade.com.br\/lmfrotas\/#organization\"},\"potentialAction\":[{\"@type\":\"SearchAction\",\"target\":{\"@type\":\"EntryPoint\",\"urlTemplate\":\"https:\/\/lmmobilidade.com.br\/lmfrotas\/?s={search_term_string}\"},\"query-input\":{\"@type\":\"PropertyValueSpecification\",\"valueRequired\":true,\"valueName\":\"search_term_string\"}}],\"inLanguage\":\"pt-BR\"},{\"@type\":\"Organization\",\"@id\":\"https:\/\/lmmobilidade.com.br\/lmfrotas\/#organization\",\"name\":\"LM Frotas\",\"url\":\"https:\/\/lmmobilidade.com.br\/lmfrotas\/\",\"logo\":{\"@type\":\"ImageObject\",\"inLanguage\":\"pt-BR\",\"@id\":\"https:\/\/lmmobilidade.com.br\/lmfrotas\/#\/schema\/logo\/image\/\",\"url\":\"https:\/\/lmmobilidade.com.br\/lmfrotas\/wp-content\/uploads\/sites\/2\/2022\/10\/LM_frotas.png\",\"contentUrl\":\"https:\/\/lmmobilidade.com.br\/lmfrotas\/wp-content\/uploads\/sites\/2\/2022\/10\/LM_frotas.png\",\"width\":123,\"height\":29,\"caption\":\"LM Frotas\"},\"image\":{\"@id\":\"https:\/\/lmmobilidade.com.br\/lmfrotas\/#\/schema\/logo\/image\/\"}}]}<\/script>\n<!-- \/ Yoast SEO plugin. -->","yoast_head_json":{"title":"Campanha Frota Consciente | LM Frotas","robots":{"index":"index","follow":"follow","max-snippet":"max-snippet:-1","max-image-preview":"max-image-preview:large","max-video-preview":"max-video-preview:-1"},"canonical":"https:\/\/lmmobilidade.com.br\/lmfrotas\/campanha-frota-consciente","og_locale":"pt_BR","og_type":"article","og_title":"Campanha Frota Consciente | LM Frotas","og_description":"Regulamento de Premia\u00e7\u00e3o Campanha Frota Consciente 1. Objetivo da Premia\u00e7\u00e3o A campanha Frota Consciente, tem por finalidade cuidar de vidas no tr\u00e2nsito, reduzir os custos com infra\u00e7\u00f5es de tr\u00e2nsito, custos de manuten\u00e7\u00e3o, sinistros e indeniza\u00e7\u00f5es a terceiros e premiar os clientes que se destacarem no movimento de conscientiza\u00e7\u00e3o, visando estimular o posicionamento social. 2. Elegibilidade [&hellip;]","og_url":"https:\/\/lmmobilidade.com.br\/lmfrotas\/campanha-frota-consciente","og_site_name":"LM Frotas","article_modified_time":"2026-01-06T13:36:22+00:00","og_image":[{"width":1200,"height":675,"url":"https:\/\/lmmobilidade.com.br\/lmfrotas\/wp-content\/uploads\/sites\/2\/2025\/06\/lm-thumb.png","type":"image\/png"}],"twitter_card":"summary_large_image","twitter_misc":{"Est. tempo de leitura":"5 minutos"},"schema":{"@context":"https:\/\/schema.org","@graph":[{"@type":"WebPage","@id":"https:\/\/lmmobilidade.com.br\/lmfrotas\/campanha-frota-consciente","url":"https:\/\/lmmobilidade.com.br\/lmfrotas\/campanha-frota-consciente","name":"Campanha Frota Consciente | LM Frotas","isPartOf":{"@id":"https:\/\/lmmobilidade.com.br\/lmfrotas\/#website"},"datePublished":"2024-04-26T18:33:06+00:00","dateModified":"2026-01-06T13:36:22+00:00","breadcrumb":{"@id":"https:\/\/lmmobilidade.com.br\/lmfrotas\/campanha-frota-consciente#breadcrumb"},"inLanguage":"pt-BR","potentialAction":[{"@type":"ReadAction","target":["https:\/\/lmmobilidade.com.br\/lmfrotas\/campanha-frota-consciente"]}]},{"@type":"BreadcrumbList","@id":"https:\/\/lmmobilidade.com.br\/lmfrotas\/campanha-frota-consciente#breadcrumb","itemListElement":[{"@type":"ListItem","position":1,"name":"In\u00edcio","item":"https:\/\/lmmobilidade.com.br\/lmfrotas\/"},{"@type":"ListItem","position":2,"name":"Campanha Frota Consciente"}]},{"@type":"WebSite","@id":"https:\/\/lmmobilidade.com.br\/lmfrotas\/#website","url":"https:\/\/lmmobilidade.com.br\/lmfrotas\/","name":"LM Frotas","description":"Simplifique a gest\u00e3o de frotas da sua empresa com quem entende do assunto. Conhe\u00e7a as solu\u00e7\u00f5es da Lm Frotas e terceirize agora mesmo!","publisher":{"@id":"https:\/\/lmmobilidade.com.br\/lmfrotas\/#organization"},"potentialAction":[{"@type":"SearchAction","target":{"@type":"EntryPoint","urlTemplate":"https:\/\/lmmobilidade.com.br\/lmfrotas\/?s={search_term_string}"},"query-input":{"@type":"PropertyValueSpecification","valueRequired":true,"valueName":"search_term_string"}}],"inLanguage":"pt-BR"},{"@type":"Organization","@id":"https:\/\/lmmobilidade.com.br\/lmfrotas\/#organization","name":"LM Frotas","url":"https:\/\/lmmobilidade.com.br\/lmfrotas\/","logo":{"@type":"ImageObject","inLanguage":"pt-BR","@id":"https:\/\/lmmobilidade.com.br\/lmfrotas\/#\/schema\/logo\/image\/","url":"https:\/\/lmmobilidade.com.br\/lmfrotas\/wp-content\/uploads\/sites\/2\/2022\/10\/LM_frotas.png","contentUrl":"https:\/\/lmmobilidade.com.br\/lmfrotas\/wp-content\/uploads\/sites\/2\/2022\/10\/LM_frotas.png","width":123,"height":29,"caption":"LM Frotas"},"image":{"@id":"https:\/\/lmmobilidade.com.br\/lmfrotas\/#\/schema\/logo\/image\/"}}]}},"_links":{"self":[{"href":"https:\/\/lmmobilidade.com.br\/lmfrotas\/wp-json\/wp\/v2\/pages\/4434","targetHints":{"allow":["GET"]}}],"collection":[{"href":"https:\/\/lmmobilidade.com.br\/lmfrotas\/wp-json\/wp\/v2\/pages"}],"about":[{"href":"https:\/\/lmmobilidade.com.br\/lmfrotas\/wp-json\/wp\/v2\/types\/page"}],"author":[{"embeddable":true,"href":"https:\/\/lmmobilidade.com.br\/lmfrotas\/wp-json\/wp\/v2\/users\/3"}],"replies":[{"embeddable":true,"href":"https:\/\/lmmobilidade.com.br\/lmfrotas\/wp-json\/wp\/v2\/comments?post=4434"}],"version-history":[{"count":3,"href":"https:\/\/lmmobilidade.com.br\/lmfrotas\/wp-json\/wp\/v2\/pages\/4434\/revisions"}],"predecessor-version":[{"id":5808,"href":"https:\/\/lmmobilidade.com.br\/lmfrotas\/wp-json\/wp\/v2\/pages\/4434\/revisions\/5808"}],"wp:attachment":[{"href":"https:\/\/lmmobilidade.com.br\/lmfrotas\/wp-json\/wp\/v2\/media?parent=4434"}],"curies":[{"name":"wp","href":"https:\/\/api.w.org\/{rel}","templated":true}]}}