{"id":3548,"date":"2022-12-23T15:40:33","date_gmt":"2022-12-23T18:40:33","guid":{"rendered":"https:\/\/lmmobilidade.com.br\/lmseminovos\/?page_id=3548"},"modified":"2025-06-12T16:39:19","modified_gmt":"2025-06-12T19:39:19","slug":"financiamento","status":"publish","type":"page","link":"https:\/\/lmmobilidade.com.br\/lmseminovos\/financiamento","title":{"rendered":"Financiamento"},"content":{"rendered":"<h3>Seus dados<\/h3>\n<p>Para finalizarmos precisamos de alguns dados seus para o contato.<\/p>\n","protected":false},"excerpt":{"rendered":"<p>Seus dados Para finalizarmos precisamos de alguns dados seus para o contato.<\/p>\n","protected":false},"author":1,"featured_media":0,"parent":0,"menu_order":0,"comment_status":"closed","ping_status":"closed","template":"","meta":{"_acf_changed":false,"footnotes":""},"class_list":["post-3548","page","type-page","status-publish","hentry"],"acf":[],"yoast_head":"<!-- This site is optimized with the Yoast SEO plugin v27.0 - https:\/\/yoast.com\/product\/yoast-seo-wordpress\/ -->\n<title>Financiamento | LM Seminovos<\/title>\n<meta name=\"robots\" content=\"index, follow, max-snippet:-1, max-image-preview:large, max-video-preview:-1\" \/>\n<link rel=\"canonical\" href=\"https:\/\/lmmobilidade.com.br\/lmseminovos\/financiamento\" \/>\n<meta property=\"og:locale\" content=\"pt_BR\" \/>\n<meta property=\"og:type\" content=\"article\" \/>\n<meta property=\"og:title\" content=\"Financiamento | LM Seminovos\" \/>\n<meta property=\"og:description\" content=\"Seus dados Para finalizarmos precisamos de alguns dados seus para o contato.\" \/>\n<meta property=\"og:url\" content=\"https:\/\/lmmobilidade.com.br\/lmseminovos\/financiamento\" \/>\n<meta property=\"og:site_name\" content=\"LM Seminovos\" \/>\n<meta property=\"article:modified_time\" content=\"2025-06-12T19:39:19+00:00\" \/>\n<meta property=\"og:image\" content=\"https:\/\/lmmobilidade.com.br\/lmseminovos\/wp-content\/uploads\/sites\/6\/2025\/06\/thumb-seminovos.png\" \/>\n\t<meta property=\"og:image:width\" content=\"1200\" \/>\n\t<meta property=\"og:image:height\" content=\"675\" \/>\n\t<meta property=\"og:image:type\" content=\"image\/png\" \/>\n<meta name=\"twitter:card\" content=\"summary_large_image\" \/>\n<meta name=\"twitter:label1\" content=\"Est. tempo de leitura\" \/>\n\t<meta name=\"twitter:data1\" content=\"1 minuto\" \/>\n<script type=\"application\/ld+json\" class=\"yoast-schema-graph\">{\"@context\":\"https:\/\/schema.org\",\"@graph\":[{\"@type\":\"WebPage\",\"@id\":\"https:\/\/lmmobilidade.com.br\/lmseminovos\/financiamento\",\"url\":\"https:\/\/lmmobilidade.com.br\/lmseminovos\/financiamento\",\"name\":\"Financiamento | LM Seminovos\",\"isPartOf\":{\"@id\":\"https:\/\/lmmobilidade.com.br\/lmseminovos\/#website\"},\"datePublished\":\"2022-12-23T18:40:33+00:00\",\"dateModified\":\"2025-06-12T19:39:19+00:00\",\"breadcrumb\":{\"@id\":\"https:\/\/lmmobilidade.com.br\/lmseminovos\/financiamento#breadcrumb\"},\"inLanguage\":\"pt-BR\",\"potentialAction\":[{\"@type\":\"ReadAction\",\"target\":[\"https:\/\/lmmobilidade.com.br\/lmseminovos\/financiamento\"]}]},{\"@type\":\"BreadcrumbList\",\"@id\":\"https:\/\/lmmobilidade.com.br\/lmseminovos\/financiamento#breadcrumb\",\"itemListElement\":[{\"@type\":\"ListItem\",\"position\":1,\"name\":\"In\u00edcio\",\"item\":\"https:\/\/lmmobilidade.com.br\/lmseminovos\/\"},{\"@type\":\"ListItem\",\"position\":2,\"name\":\"Financiamento\"}]},{\"@type\":\"WebSite\",\"@id\":\"https:\/\/lmmobilidade.com.br\/lmseminovos\/#website\",\"url\":\"https:\/\/lmmobilidade.com.br\/lmseminovos\/\",\"name\":\"LM Seminovos\",\"description\":\"Seu pr\u00f3ximo carro seminovo com baixa quilometragem est\u00e1 aqui! Laudo cautelar incluso para sua seguran\u00e7a. Conhe\u00e7a as op\u00e7\u00f5es na LM Seminovos!\",\"publisher\":{\"@id\":\"https:\/\/lmmobilidade.com.br\/lmseminovos\/#organization\"},\"alternateName\":\"LM Seminovos\",\"potentialAction\":[{\"@type\":\"SearchAction\",\"target\":{\"@type\":\"EntryPoint\",\"urlTemplate\":\"https:\/\/lmmobilidade.com.br\/lmseminovos\/?s={search_term_string}\"},\"query-input\":{\"@type\":\"PropertyValueSpecification\",\"valueRequired\":true,\"valueName\":\"search_term_string\"}}],\"inLanguage\":\"pt-BR\"},{\"@type\":\"Organization\",\"@id\":\"https:\/\/lmmobilidade.com.br\/lmseminovos\/#organization\",\"name\":\"LM Seminovos\",\"url\":\"https:\/\/lmmobilidade.com.br\/lmseminovos\/\",\"logo\":{\"@type\":\"ImageObject\",\"inLanguage\":\"pt-BR\",\"@id\":\"https:\/\/lmmobilidade.com.br\/lmseminovos\/#\/schema\/logo\/image\/\",\"url\":\"https:\/\/lmmobilidade.com.br\/lmseminovos\/wp-content\/uploads\/sites\/6\/2022\/12\/LM_seminovos-1.png\",\"contentUrl\":\"https:\/\/lmmobilidade.com.br\/lmseminovos\/wp-content\/uploads\/sites\/6\/2022\/12\/LM_seminovos-1.png\",\"width\":146,\"height\":28,\"caption\":\"LM Seminovos\"},\"image\":{\"@id\":\"https:\/\/lmmobilidade.com.br\/lmseminovos\/#\/schema\/logo\/image\/\"}}]}<\/script>\n<!-- \/ Yoast SEO plugin. -->","yoast_head_json":{"title":"Financiamento | LM Seminovos","robots":{"index":"index","follow":"follow","max-snippet":"max-snippet:-1","max-image-preview":"max-image-preview:large","max-video-preview":"max-video-preview:-1"},"canonical":"https:\/\/lmmobilidade.com.br\/lmseminovos\/financiamento","og_locale":"pt_BR","og_type":"article","og_title":"Financiamento | LM Seminovos","og_description":"Seus dados Para finalizarmos precisamos de alguns dados seus para o contato.","og_url":"https:\/\/lmmobilidade.com.br\/lmseminovos\/financiamento","og_site_name":"LM Seminovos","article_modified_time":"2025-06-12T19:39:19+00:00","og_image":[{"width":1200,"height":675,"url":"https:\/\/lmmobilidade.com.br\/lmseminovos\/wp-content\/uploads\/sites\/6\/2025\/06\/thumb-seminovos.png","type":"image\/png"}],"twitter_card":"summary_large_image","twitter_misc":{"Est. tempo de leitura":"1 minuto"},"schema":{"@context":"https:\/\/schema.org","@graph":[{"@type":"WebPage","@id":"https:\/\/lmmobilidade.com.br\/lmseminovos\/financiamento","url":"https:\/\/lmmobilidade.com.br\/lmseminovos\/financiamento","name":"Financiamento | LM Seminovos","isPartOf":{"@id":"https:\/\/lmmobilidade.com.br\/lmseminovos\/#website"},"datePublished":"2022-12-23T18:40:33+00:00","dateModified":"2025-06-12T19:39:19+00:00","breadcrumb":{"@id":"https:\/\/lmmobilidade.com.br\/lmseminovos\/financiamento#breadcrumb"},"inLanguage":"pt-BR","potentialAction":[{"@type":"ReadAction","target":["https:\/\/lmmobilidade.com.br\/lmseminovos\/financiamento"]}]},{"@type":"BreadcrumbList","@id":"https:\/\/lmmobilidade.com.br\/lmseminovos\/financiamento#breadcrumb","itemListElement":[{"@type":"ListItem","position":1,"name":"In\u00edcio","item":"https:\/\/lmmobilidade.com.br\/lmseminovos\/"},{"@type":"ListItem","position":2,"name":"Financiamento"}]},{"@type":"WebSite","@id":"https:\/\/lmmobilidade.com.br\/lmseminovos\/#website","url":"https:\/\/lmmobilidade.com.br\/lmseminovos\/","name":"LM Seminovos","description":"Seu pr\u00f3ximo carro seminovo com baixa quilometragem est\u00e1 aqui! Laudo cautelar incluso para sua seguran\u00e7a. Conhe\u00e7a as op\u00e7\u00f5es na LM Seminovos!","publisher":{"@id":"https:\/\/lmmobilidade.com.br\/lmseminovos\/#organization"},"alternateName":"LM Seminovos","potentialAction":[{"@type":"SearchAction","target":{"@type":"EntryPoint","urlTemplate":"https:\/\/lmmobilidade.com.br\/lmseminovos\/?s={search_term_string}"},"query-input":{"@type":"PropertyValueSpecification","valueRequired":true,"valueName":"search_term_string"}}],"inLanguage":"pt-BR"},{"@type":"Organization","@id":"https:\/\/lmmobilidade.com.br\/lmseminovos\/#organization","name":"LM Seminovos","url":"https:\/\/lmmobilidade.com.br\/lmseminovos\/","logo":{"@type":"ImageObject","inLanguage":"pt-BR","@id":"https:\/\/lmmobilidade.com.br\/lmseminovos\/#\/schema\/logo\/image\/","url":"https:\/\/lmmobilidade.com.br\/lmseminovos\/wp-content\/uploads\/sites\/6\/2022\/12\/LM_seminovos-1.png","contentUrl":"https:\/\/lmmobilidade.com.br\/lmseminovos\/wp-content\/uploads\/sites\/6\/2022\/12\/LM_seminovos-1.png","width":146,"height":28,"caption":"LM Seminovos"},"image":{"@id":"https:\/\/lmmobilidade.com.br\/lmseminovos\/#\/schema\/logo\/image\/"}}]}},"_links":{"self":[{"href":"https:\/\/lmmobilidade.com.br\/lmseminovos\/wp-json\/wp\/v2\/pages\/3548","targetHints":{"allow":["GET"]}}],"collection":[{"href":"https:\/\/lmmobilidade.com.br\/lmseminovos\/wp-json\/wp\/v2\/pages"}],"about":[{"href":"https:\/\/lmmobilidade.com.br\/lmseminovos\/wp-json\/wp\/v2\/types\/page"}],"author":[{"embeddable":true,"href":"https:\/\/lmmobilidade.com.br\/lmseminovos\/wp-json\/wp\/v2\/users\/1"}],"replies":[{"embeddable":true,"href":"https:\/\/lmmobilidade.com.br\/lmseminovos\/wp-json\/wp\/v2\/comments?post=3548"}],"version-history":[{"count":1,"href":"https:\/\/lmmobilidade.com.br\/lmseminovos\/wp-json\/wp\/v2\/pages\/3548\/revisions"}],"predecessor-version":[{"id":153290,"href":"https:\/\/lmmobilidade.com.br\/lmseminovos\/wp-json\/wp\/v2\/pages\/3548\/revisions\/153290"}],"wp:attachment":[{"href":"https:\/\/lmmobilidade.com.br\/lmseminovos\/wp-json\/wp\/v2\/media?parent=3548"}],"curies":[{"name":"wp","href":"https:\/\/api.w.org\/{rel}","templated":true}]}}