{"id":46554,"date":"2023-09-28T09:06:14","date_gmt":"2023-09-28T12:06:14","guid":{"rendered":"https:\/\/lmmobilidade.com.br\/lmseminovos\/?page_id=46554"},"modified":"2026-04-28T18:23:28","modified_gmt":"2026-04-28T21:23:28","slug":"regulamento","status":"publish","type":"page","link":"https:\/\/lmmobilidade.com.br\/lmseminovos\/home\/regulamento","title":{"rendered":"Regulamento"},"content":{"rendered":"<p><span style=\"color: #d5246c;\"><strong>Promo\u00e7\u00e3o Tanque Cheio &#8211; Porto Alegre<\/strong><\/span><\/p>\n<h1 data-font-size=\"h3\">Regulamento<\/h1>\n","protected":false},"excerpt":{"rendered":"<p>Promo\u00e7\u00e3o Tanque Cheio &#8211; Porto Alegre Regulamento<\/p>\n","protected":false},"author":4,"featured_media":0,"parent":4,"menu_order":0,"comment_status":"closed","ping_status":"closed","template":"","meta":{"_acf_changed":false,"footnotes":""},"class_list":["post-46554","page","type-page","status-publish","hentry"],"acf":[],"yoast_head":"<!-- This site is optimized with the Yoast SEO plugin v27.0 - https:\/\/yoast.com\/product\/yoast-seo-wordpress\/ -->\n<title>Regulamento | LM Seminovos<\/title>\n<meta name=\"robots\" content=\"index, follow, max-snippet:-1, max-image-preview:large, max-video-preview:-1\" \/>\n<link rel=\"canonical\" href=\"https:\/\/lmmobilidade.com.br\/lmseminovos\/home\/regulamento\" \/>\n<meta property=\"og:locale\" content=\"pt_BR\" \/>\n<meta property=\"og:type\" content=\"article\" \/>\n<meta property=\"og:title\" content=\"Regulamento | LM Seminovos\" \/>\n<meta property=\"og:description\" content=\"Promo\u00e7\u00e3o Tanque Cheio &#8211; Porto Alegre Regulamento\" \/>\n<meta property=\"og:url\" content=\"https:\/\/lmmobilidade.com.br\/lmseminovos\/home\/regulamento\" \/>\n<meta property=\"og:site_name\" content=\"LM Seminovos\" \/>\n<meta property=\"article:modified_time\" content=\"2026-04-28T21:23:28+00:00\" \/>\n<meta property=\"og:image\" content=\"https:\/\/lmmobilidade.com.br\/lmseminovos\/wp-content\/uploads\/sites\/6\/2025\/06\/thumb-seminovos.png\" \/>\n\t<meta property=\"og:image:width\" content=\"1200\" \/>\n\t<meta property=\"og:image:height\" content=\"675\" \/>\n\t<meta property=\"og:image:type\" content=\"image\/png\" \/>\n<meta name=\"twitter:card\" content=\"summary_large_image\" \/>\n<meta name=\"twitter:label1\" content=\"Est. tempo de leitura\" \/>\n\t<meta name=\"twitter:data1\" content=\"1 minuto\" \/>\n<script type=\"application\/ld+json\" class=\"yoast-schema-graph\">{\"@context\":\"https:\/\/schema.org\",\"@graph\":[{\"@type\":\"WebPage\",\"@id\":\"https:\/\/lmmobilidade.com.br\/lmseminovos\/home\/regulamento\",\"url\":\"https:\/\/lmmobilidade.com.br\/lmseminovos\/home\/regulamento\",\"name\":\"Regulamento | LM Seminovos\",\"isPartOf\":{\"@id\":\"https:\/\/lmmobilidade.com.br\/lmseminovos\/#website\"},\"datePublished\":\"2023-09-28T12:06:14+00:00\",\"dateModified\":\"2026-04-28T21:23:28+00:00\",\"breadcrumb\":{\"@id\":\"https:\/\/lmmobilidade.com.br\/lmseminovos\/home\/regulamento#breadcrumb\"},\"inLanguage\":\"pt-BR\",\"potentialAction\":[{\"@type\":\"ReadAction\",\"target\":[\"https:\/\/lmmobilidade.com.br\/lmseminovos\/home\/regulamento\"]}]},{\"@type\":\"BreadcrumbList\",\"@id\":\"https:\/\/lmmobilidade.com.br\/lmseminovos\/home\/regulamento#breadcrumb\",\"itemListElement\":[{\"@type\":\"ListItem\",\"position\":1,\"name\":\"In\u00edcio\",\"item\":\"https:\/\/lmmobilidade.com.br\/lmseminovos\/\"},{\"@type\":\"ListItem\",\"position\":2,\"name\":\"Carros seminovos de proced\u00eancia para voc\u00ea\",\"item\":\"https:\/\/lmmobilidade.com.br\/lmseminovos\/\"},{\"@type\":\"ListItem\",\"position\":3,\"name\":\"Regulamento\"}]},{\"@type\":\"WebSite\",\"@id\":\"https:\/\/lmmobilidade.com.br\/lmseminovos\/#website\",\"url\":\"https:\/\/lmmobilidade.com.br\/lmseminovos\/\",\"name\":\"LM Seminovos\",\"description\":\"Seu pr\u00f3ximo carro seminovo com baixa quilometragem est\u00e1 aqui! Laudo cautelar incluso para sua seguran\u00e7a. Conhe\u00e7a as op\u00e7\u00f5es na LM Seminovos!\",\"publisher\":{\"@id\":\"https:\/\/lmmobilidade.com.br\/lmseminovos\/#organization\"},\"alternateName\":\"LM Seminovos\",\"potentialAction\":[{\"@type\":\"SearchAction\",\"target\":{\"@type\":\"EntryPoint\",\"urlTemplate\":\"https:\/\/lmmobilidade.com.br\/lmseminovos\/?s={search_term_string}\"},\"query-input\":{\"@type\":\"PropertyValueSpecification\",\"valueRequired\":true,\"valueName\":\"search_term_string\"}}],\"inLanguage\":\"pt-BR\"},{\"@type\":\"Organization\",\"@id\":\"https:\/\/lmmobilidade.com.br\/lmseminovos\/#organization\",\"name\":\"LM Seminovos\",\"url\":\"https:\/\/lmmobilidade.com.br\/lmseminovos\/\",\"logo\":{\"@type\":\"ImageObject\",\"inLanguage\":\"pt-BR\",\"@id\":\"https:\/\/lmmobilidade.com.br\/lmseminovos\/#\/schema\/logo\/image\/\",\"url\":\"https:\/\/lmmobilidade.com.br\/lmseminovos\/wp-content\/uploads\/sites\/6\/2022\/12\/LM_seminovos-1.png\",\"contentUrl\":\"https:\/\/lmmobilidade.com.br\/lmseminovos\/wp-content\/uploads\/sites\/6\/2022\/12\/LM_seminovos-1.png\",\"width\":146,\"height\":28,\"caption\":\"LM Seminovos\"},\"image\":{\"@id\":\"https:\/\/lmmobilidade.com.br\/lmseminovos\/#\/schema\/logo\/image\/\"}}]}<\/script>\n<!-- \/ Yoast SEO plugin. -->","yoast_head_json":{"title":"Regulamento | LM Seminovos","robots":{"index":"index","follow":"follow","max-snippet":"max-snippet:-1","max-image-preview":"max-image-preview:large","max-video-preview":"max-video-preview:-1"},"canonical":"https:\/\/lmmobilidade.com.br\/lmseminovos\/home\/regulamento","og_locale":"pt_BR","og_type":"article","og_title":"Regulamento | LM Seminovos","og_description":"Promo\u00e7\u00e3o Tanque Cheio &#8211; Porto Alegre Regulamento","og_url":"https:\/\/lmmobilidade.com.br\/lmseminovos\/home\/regulamento","og_site_name":"LM Seminovos","article_modified_time":"2026-04-28T21:23:28+00:00","og_image":[{"width":1200,"height":675,"url":"https:\/\/lmmobilidade.com.br\/lmseminovos\/wp-content\/uploads\/sites\/6\/2025\/06\/thumb-seminovos.png","type":"image\/png"}],"twitter_card":"summary_large_image","twitter_misc":{"Est. tempo de leitura":"1 minuto"},"schema":{"@context":"https:\/\/schema.org","@graph":[{"@type":"WebPage","@id":"https:\/\/lmmobilidade.com.br\/lmseminovos\/home\/regulamento","url":"https:\/\/lmmobilidade.com.br\/lmseminovos\/home\/regulamento","name":"Regulamento | LM Seminovos","isPartOf":{"@id":"https:\/\/lmmobilidade.com.br\/lmseminovos\/#website"},"datePublished":"2023-09-28T12:06:14+00:00","dateModified":"2026-04-28T21:23:28+00:00","breadcrumb":{"@id":"https:\/\/lmmobilidade.com.br\/lmseminovos\/home\/regulamento#breadcrumb"},"inLanguage":"pt-BR","potentialAction":[{"@type":"ReadAction","target":["https:\/\/lmmobilidade.com.br\/lmseminovos\/home\/regulamento"]}]},{"@type":"BreadcrumbList","@id":"https:\/\/lmmobilidade.com.br\/lmseminovos\/home\/regulamento#breadcrumb","itemListElement":[{"@type":"ListItem","position":1,"name":"In\u00edcio","item":"https:\/\/lmmobilidade.com.br\/lmseminovos\/"},{"@type":"ListItem","position":2,"name":"Carros seminovos de proced\u00eancia para voc\u00ea","item":"https:\/\/lmmobilidade.com.br\/lmseminovos\/"},{"@type":"ListItem","position":3,"name":"Regulamento"}]},{"@type":"WebSite","@id":"https:\/\/lmmobilidade.com.br\/lmseminovos\/#website","url":"https:\/\/lmmobilidade.com.br\/lmseminovos\/","name":"LM Seminovos","description":"Seu pr\u00f3ximo carro seminovo com baixa quilometragem est\u00e1 aqui! Laudo cautelar incluso para sua seguran\u00e7a. Conhe\u00e7a as op\u00e7\u00f5es na LM Seminovos!","publisher":{"@id":"https:\/\/lmmobilidade.com.br\/lmseminovos\/#organization"},"alternateName":"LM Seminovos","potentialAction":[{"@type":"SearchAction","target":{"@type":"EntryPoint","urlTemplate":"https:\/\/lmmobilidade.com.br\/lmseminovos\/?s={search_term_string}"},"query-input":{"@type":"PropertyValueSpecification","valueRequired":true,"valueName":"search_term_string"}}],"inLanguage":"pt-BR"},{"@type":"Organization","@id":"https:\/\/lmmobilidade.com.br\/lmseminovos\/#organization","name":"LM Seminovos","url":"https:\/\/lmmobilidade.com.br\/lmseminovos\/","logo":{"@type":"ImageObject","inLanguage":"pt-BR","@id":"https:\/\/lmmobilidade.com.br\/lmseminovos\/#\/schema\/logo\/image\/","url":"https:\/\/lmmobilidade.com.br\/lmseminovos\/wp-content\/uploads\/sites\/6\/2022\/12\/LM_seminovos-1.png","contentUrl":"https:\/\/lmmobilidade.com.br\/lmseminovos\/wp-content\/uploads\/sites\/6\/2022\/12\/LM_seminovos-1.png","width":146,"height":28,"caption":"LM Seminovos"},"image":{"@id":"https:\/\/lmmobilidade.com.br\/lmseminovos\/#\/schema\/logo\/image\/"}}]}},"_links":{"self":[{"href":"https:\/\/lmmobilidade.com.br\/lmseminovos\/wp-json\/wp\/v2\/pages\/46554","targetHints":{"allow":["GET"]}}],"collection":[{"href":"https:\/\/lmmobilidade.com.br\/lmseminovos\/wp-json\/wp\/v2\/pages"}],"about":[{"href":"https:\/\/lmmobilidade.com.br\/lmseminovos\/wp-json\/wp\/v2\/types\/page"}],"author":[{"embeddable":true,"href":"https:\/\/lmmobilidade.com.br\/lmseminovos\/wp-json\/wp\/v2\/users\/4"}],"replies":[{"embeddable":true,"href":"https:\/\/lmmobilidade.com.br\/lmseminovos\/wp-json\/wp\/v2\/comments?post=46554"}],"version-history":[{"count":4,"href":"https:\/\/lmmobilidade.com.br\/lmseminovos\/wp-json\/wp\/v2\/pages\/46554\/revisions"}],"predecessor-version":[{"id":184212,"href":"https:\/\/lmmobilidade.com.br\/lmseminovos\/wp-json\/wp\/v2\/pages\/46554\/revisions\/184212"}],"up":[{"embeddable":true,"href":"https:\/\/lmmobilidade.com.br\/lmseminovos\/wp-json\/wp\/v2\/pages\/4"}],"wp:attachment":[{"href":"https:\/\/lmmobilidade.com.br\/lmseminovos\/wp-json\/wp\/v2\/media?parent=46554"}],"curies":[{"name":"wp","href":"https:\/\/api.w.org\/{rel}","templated":true}]}}